{"id":1595,"date":"2022-02-02T08:20:17","date_gmt":"2022-02-02T08:20:17","guid":{"rendered":"https:\/\/www.cargopoint.com\/?page_id=1595"},"modified":"2022-02-18T10:40:03","modified_gmt":"2022-02-18T10:40:03","slug":"privacy-policy","status":"publish","type":"page","link":"https:\/\/www.cargopoint.com\/lt\/privacy-policy\/","title":{"rendered":"Privacy Policy"},"content":{"rendered":"<h2><strong>PRIVATUMO POLITIKA<\/strong><\/h2>\n<p>&nbsp;<\/p>\n<p>\u0160i Privatumo politika taikoma \u201eCargoPoint\u201c (\u201eDuomen\u0173 valdytojas\u201c, \u201emes\u201c \u201emus\u201c, m\u016bs\u0173\u201c) vykdomam asmens duomen\u0173 tvarkymui ir joje apra\u0161oma, kaip ir kokiais tikslais mes tvarkome J\u016bs\u0173, kaip Vartotojo atstovo, Vairuotojo, Gav\u0117jo, svetain\u0117s lankytojo asmens duomenis ir kit\u0173 asmen\u0173 asmens duomenis \u201eCargoPoint\u201c interneto svetain\u0117je ir \u201eCargoPoint\u201c program\u0117l\u0117se (toliau \u2013 Platforma). \u0160ioje politikoje taip pat i\u0161d\u0117styta, kaip asmuo gali pasinaudoti savo, kaip duomen\u0173 subjekto, teis\u0117mis. Asmens duomenis mes tvarkome pagal Bendr\u0105j\u012f duomen\u0173 apsaugos reglament\u0105 (toliau &#8211; BDAR) ir kitus taikomus teis\u0117s aktus. Jei nenurodyta kitaip, \u0161ioje Privatumo politikoje vartojamos s\u0105vokos turi toki\u0105 pa\u010di\u0105 reik\u0161m\u0119 kaip ir BDAR 4 straipsnyje bei \u201eCargoPoint\u201c bendrosiose s\u0105lygose apibr\u0117\u017etos s\u0105vokos.<\/p>\n<p>Naudodamiesi m\u016bs\u0173 per Platform\u0105 teikiamomis paslaugomis, J\u016bs patvirtinate, kad perskait\u0117te m\u016bs\u0173 Privatumo politik\u0105.<\/p>\n<p>&nbsp;<\/p>\n<h3><strong>1. Kokie asmens duomenys yra tvarkomi?<\/strong><\/h3>\n<p>Nor\u0117dami suteikti Jums savo paslaugas ir \u012fgyvendinti \u0161ioje Privatumo politikoje nustatytus tikslus, mes tvarkome tam tikrus su Jumis susijusius asmens duomenis. Toliau nurodyta, kuri\u0173 kategorij\u0173 asmens duomenis mes tvarkome.<\/p>\n<p><strong>Identifikavimo duomenys<\/strong> gali apimti toki\u0105 informacij\u0105, kaip asmens vardas, pavard\u0117, asmens kodas ir gimimo data, atstovavimo teis\u0117.<\/p>\n<p><strong>Kontaktin\u0117 informacija<\/strong> \u2013 mes galime tvarkyti J\u016bs\u0173 el. pa\u0161to adres\u0105, telefono numer\u012f ir adres\u0105, kuriais gal\u0117tume su Jumis susisiekti.<\/p>\n<p><strong>U\u017esakymo duomenys<\/strong> \u2013 informacija apie Krovin\u012f (pvz., Krovinio apra\u0161ymas, svoris ir t\u016bris), Krovinio pakrovimo ir i\u0161krovimo vieta bei laikas, pristatymo atstumas, adresas.<\/p>\n<p><strong>Buvimo vietos duomenys<\/strong> \u2013 informacija apie viet\u0105 ir laik\u0105 (GPS duomenys), va\u017eiuojant \u012f Krovinio pakrovimo viet\u0105 ir atliekant Krovinio pristatym\u0105, gauti i\u0161 program\u0117l\u0117s vartotojo i\u0161maniojo \u012frenginio.<\/p>\n<p>&nbsp;<\/p>\n<h3><strong>2. Kaip mes gauname J\u016bs\u0173 asmens duomenis?<\/strong><\/h3>\n<p>Teikdami savo paslaugas, J\u016bs\u0173 asmens duomenis mes galime gauti tiesiogiai i\u0161 J\u016bs\u0173 arba i\u0161 tre\u010di\u0173j\u0173 \u0161ali\u0173. Kai kuriuos J\u016bs\u0173 asmens duomenis mes renkame i\u0161 J\u016bs\u0173, kai J\u016bs naudojat\u0117s Platformos funkcijomis, arba informacij\u0105 mums pateikia m\u016bs\u0173 Vartotojai, kuriuos Jus atstovaujate arba kuriems J\u016bs dirbate.<\/p>\n<p>Informacija apie krovinio gabenim\u0105 Gav\u0117jams, kurie n\u0117ra Siunt\u0117jais, gaunama i\u0161 Siunt\u0117jo, siekiant \u012fvykdyti U\u017esakym\u0105.<\/p>\n<p>&nbsp;<\/p>\n<h3><strong>3. Kokiais tikslais ir kokiu teisiniu pagrindu tvarkomi J\u016bs\u0173 duomenys?<\/strong><\/h3>\n<p>\u0160iame skyriuje pateikiama detali informacij\u0105 apie tikslus, kuriais mes tvarkome skirting\u0173 kategorij\u0173 asmens duomenis, bei nurodomas teisinis pagrindas, kuriuo remdamiesi mes tvarkome J\u016bs\u0173 asmens duomenis.<\/p>\n<table width=\"623\">\n<tbody>\n<tr>\n<td width=\"189\"><strong>Tikslas<\/strong><\/td>\n<td width=\"189\"><strong>Asmens duomen\u0173 kategorija<\/strong><\/td>\n<td width=\"246\"><strong>Teisinis pagrindas<\/strong><\/td>\n<\/tr>\n<tr>\n<td width=\"189\">\u201eCargoPoint\u201c sutarties sudarymas ir Vartotojo paskyros suk\u016brimas<\/td>\n<td width=\"189\">Vartotojo atstovo identifikavimo duomenis, kontaktin\u0117 informacija<\/td>\n<td width=\"246\">Atliekant Vartotojo atstovo vaidmen\u012f, J\u016bs\u0173 duomen\u0173 tvarkymas paremtas m\u016bs\u0173 teis\u0117tu interesu tur\u0117ti galimyb\u0119 \u012fgyvendinti su J\u016bs\u0173 atstovaujamu Vartotoju sudaryt\u0105 sutart\u012f ir patikrinti J\u016bs\u0173 teis\u0119 atstovauti Vartotoj\u0105 (BDAR 6 straipsnio 1 dalies f punktas).<\/td>\n<\/tr>\n<tr>\n<td width=\"189\">Administratori\u0173, Transporto vadybinink\u0173 ir Vairuotoj\u0173 autentifikavimas Platformoje<\/td>\n<td width=\"189\">Administratori\u0173, Transporto vadybinink\u0173 ir Vairuotoj\u0173 identifikavimo duomenys ir mobiliojo telefono numeriai<\/td>\n<td width=\"246\">Teis\u0117tas interesas vykdyti su Vartotoju sudaryt\u0105 sutart\u012f ir suteikti prieig\u0105 prie Platformos (BDAR 6 straipsnio 1 dalies f punktas).<\/td>\n<\/tr>\n<tr>\n<td width=\"189\">U\u017esakymo pasi\u016blymo parengimas ir vykdymas<\/td>\n<td width=\"189\">U\u017esakymo duomenys, Gav\u0117jo ar Atstovo identifikavimo duomenys ir kontaktin\u0117 informacija, Vairuotojo buvimo vietos duomenys, identifikavimo duomenys ir kontaktin\u0117 informacija<\/td>\n<td width=\"246\">Teis\u0117ti interesai u\u017etikrinti su Vartotoju sudarytos sutarties vykdym\u0105 (BDAR 6 straipsnio 1 dalies f punktas).<\/td>\n<\/tr>\n<tr>\n<td width=\"189\">U\u017esakymo \u012fvykdymo, naudojant PIN kodo sistem\u0105, patvirtinimas<\/td>\n<td width=\"189\">Gav\u0117jo, Vartotojo nurodyti telefono numeriai<\/td>\n<td width=\"246\">Teis\u0117ti interesai u\u017etikrinti ir registruoti su Vartotoju sudarytos sutarties vykdym\u0105 (BDAR 6 straipsnio 1 dalies f punktas).<\/td>\n<\/tr>\n<tr>\n<td width=\"189\">U\u017esakymo \u012fvykdymo patvirtinimo, pristatymo ataskaitos Vartotojams ir Gav\u0117jui parengimas ir i\u0161siuntimas<\/td>\n<td width=\"189\">U\u017esakymo duomenys, Gav\u0117jo ar jo Atstovo identifikavimo ir kontaktin\u0117 informacija, Vairuotojo mar\u0161ruto buvimo vietos duomenys, identifikavimo duomenys ir kontaktin\u0117 informacija, Krovinio fotografijos ir Krovinio pakrovimo \/ i\u0161krovimo vietos<\/td>\n<td width=\"246\">Teis\u0117ti interesai u\u017etikrinti su Vartotoju sudarytos sutarties vykdym\u0105 ir u\u017etikrinti \u012frodym\u0173 d\u0117l U\u017esakymo \u012fvykdymo gavim\u0105 (BDAR 6 straipsnio 1 dalies f punktas).<\/td>\n<\/tr>\n<tr>\n<td width=\"189\">Apskaita, s\u0105skaitos-fakt\u016bros pateikimas<\/td>\n<td width=\"189\">Identifikavimo duomenys, U\u017esakymo duomenys<\/td>\n<td width=\"246\">Sandorio dokument\u0173 tvarkymas yra m\u016bs\u0173 teisinis \u012fsipareigojimas (BDAR 6 straipsnio 1 dalies c punktas), kylantis i\u0161 apskaitos teisin\u0117s sistemos.<\/td>\n<\/tr>\n<tr>\n<td width=\"189\">Susisiekimas su mumis, \u012fskaitant skund\u0173 nagrin\u0117jim\u0105<\/td>\n<td width=\"189\">Vardas, pavard\u0117, \u0161alis, el. pa\u0161to adresas, tema ir J\u016bs\u0173 atsi\u0173stas prane\u0161imas<\/td>\n<td width=\"246\">Mes turime teis\u0117t\u0105 interes\u0105 u\u017etikrinti teikiam\u0173 paslaug\u0173 ir Platformos kokyb\u0119 ir pateikti atsakymus \u012f J\u016bs\u0173 klausimus (BDAR 6 straipsnio 1 dalies f punktas).<\/td>\n<\/tr>\n<\/tbody>\n<\/table>\n<p>J\u016bs\u0173 asmens duomenis mes taip pat galime tvarkyti kitais teis\u0117tais tikslais, jei \u0161ie tikslai atitinka BDAR teisin\u012f pagrind\u0105, pavyzd\u017eiui, jei esate dav\u0119 mums savo sutikim\u0105 (BDAR 6 straipsnio 1 dalies a punktas) arba jei turime tam teis\u0117t\u0105 interes\u0105 (BDAR 6 straipsnio 1 dalies f punktas). Jei J\u016bs\u0173 asmens duomenis tvarkome kitais, nei pirmiau pateiktoje lentel\u0117je nurodytais tikslais, mes u\u017etikrinsime, kad toks tvarkymas atitikt\u0173 tikslus, d\u0117l kuri\u0173 asmens duomenys buvo renkami. Jei \u012fmanoma, mes persp\u0117sime Jus d\u0117l nauj\u0173 duomen\u0173 tvarkymo tiksl\u0173.<\/p>\n<p>&nbsp;<\/p>\n<h3><strong>4. Kaip ilgai mes tvarkysime J\u016bs\u0173 asmens duomenis?<\/strong><\/h3>\n<p>J\u016bs\u0173 asmenin\u0119 informacij\u0105 mes saugosime tiek, kiek to reikia \u0161ioje Privatumo politikoje numatytiems tikslams pasiekti.<\/p>\n<p>Platformoje u\u017eregistruotos paskyros ir nurodyti asmens duomenys yra tvarkomi tol, kol Vartotojai juos i\u0161trina arba nutraukiama su mumis sudaryta sutartis. Buvimo vietos duomen\u0173 \u012fra\u0161ai saugomi 1 metus ir tada i\u0161saugomi pristatymo ataskaitose.<\/p>\n<p>Jei J\u016bs\u0173 asmens duomenys yra \u012ftraukti \u012f su mumis sudarytas sutartis, \u0161iuos duomenis mes galime saugoti iki atitinkamos sutarties nutraukimo momento, o v\u0117liau \u2013 iki bet koki\u0173 i\u0161 tokios sutarties kylan\u010di\u0173 pretenzij\u0173 senaties termino arba ilgiau, jei toks saugojimas vykdomas tes\u0117tu tikslu (pavyzd\u017eiui, apskaitos tikslais).<\/p>\n<p>\u012e apskaitos duomenis \u012ftraukti asmens duomenys gali b\u016bti saugomi pagal taikomus apskaitos \u012fstatymus, bet ne trumpiau nei penkerius metus.<\/p>\n<p>U\u017esakymo \u012fvykdymo \u012frodymai, pristatymo ataskaitos ir juose esantys asmens duomenys gali b\u016bti saugomi ketverius metus nuo atitinkam\u0173 kalendorini\u0173 met\u0173 pabaigos. Informacija, kuri\u0105 J\u016bs mums pateik\u0117te tuo metu, kai su mumis susisiek\u0117te, gali b\u016bti saugoma ketverius metus nuo paskutini\u0173j\u0173 kalendorini\u0173 met\u0173 pabaigos.<\/p>\n<p>Asmens duomenys gali b\u016bti tvarkomi ir ilgesn\u012f termin\u0105, jei tam yra teis\u0117tas pagrindas, pavyzd\u017eiui, jei taikomuose teis\u0117s aktuose numatytas ilgesnis saugojimo laikotarpis arba to reikia, sprend\u017eiant potencial\u0173 arba esam\u0105 gin\u010d\u0105.<\/p>\n<p>&nbsp;<\/p>\n<h3><strong>5. Kada asmens duomenimis gali b\u016bti dalijamasi su tre\u010diosiomis \u0161alimis?<\/strong><\/h3>\n<p>Teikdami savo paslaugas, mes galime dalintis J\u016bs\u0173 asmenine informacija su Siunt\u0117jais, Tiek\u0117jais ir Gav\u0117jais, dalyvaujan\u010diais atitinkamo U\u017esakymo vykdyme, pavyzd\u017eiui, siekiant u\u017etikrinti u\u017esakym\u0173 gavim\u0105 ir vykdym\u0105. Atminkite, kad Siunt\u0117jai, Tiek\u0117jai ir Gav\u0117jai J\u016bs\u0173 asmens duomenis gali tvarkyti ir savo tikslais, \u012fskaitant U\u017esakymo vykdymui, J\u016bs\u0173 \u012fgaliojimo pagal atitinkam\u0105 U\u017esakym\u0105 patvirtinimui ir kitais tikslais. D\u0117l i\u0161samios informacijos apie tre\u010diosios \u0161alies taikomas privatumo apsaugos praktikas pra\u0161ome susisiekti su atitinkamu Siunt\u0117ju, Tiek\u0117ju ir (arba) Gav\u0117ju.<\/p>\n<p>J\u016bs\u0173 asmenine informacija mes galime dalintis su asmenimis, kuriems esame suteik\u0119 \u012fgaliojim\u0105, ir su partneriais, kurie padeda mums teikti m\u016bs\u0173 paslaugas, pavyzd\u017eiui, IT paslaug\u0173 tiek\u0117jais (\u012fskaitant, bet neapsiribojant el. pa\u0161to paslaug\u0173 tiek\u0117jais, interneto svetaini\u0173 prie\u017ei\u016bros paslaug\u0173, serverio paslaug\u0173 tiek\u0117jais ar pri\u017ei\u016br\u0117tojais ir pan.), rinkodaros paslaug\u0173 tiek\u0117jais, mok\u0117jimo paslaug\u0173 tiek\u0117jais ir kitais. Dalindamiesi J\u016bs\u0173 asmenine informacija su tre\u010diosiomis \u0161alimis, mes imsim\u0117s vis\u0173 reikiam\u0173 \u017eingsni\u0173 u\u017etikrinti, kad tre\u010diosios \u0161alys suteikt\u0173 atitinkam\u0105 J\u016bs\u0173 asmenin\u0117s informacijos apsaug\u0105.<\/p>\n<p>Be to, J\u016bs\u0173 asmens duomenimis mes galime dalintis \u0161iais atvejais:<\/p>\n<ol>\n<li>esant pagr\u012fstam pra\u0161ymui, pagal taikomuose teis\u0117s aktuose nustatyt\u0105 tvark\u0105 J\u016bs\u0173 asmenine informacija mes galime dalintis su asmenimis, kurie yra teis\u0117tai \u012fgalioti j\u0105 gauti (pvz., tyrim\u0173 institucijos);<\/li>\n<li>jei reikia apsaugoti m\u016bs\u0173 teis\u0117tai saugomus interesus (pavyzd\u017eiui, jei asmuo pa\u017eeid\u0117 m\u016bs\u0173 interesus), asmenine informacija mes galima dalintis su teismais, antstoliais ar kitomis atitinkamomis vyriausyb\u0117s institucijomis;<\/li>\n<li>atitinkamais atvejais informacija galime dalintis su savo partneriais, pavyzd\u017eiui, auditoriais, teisininkais ir kitais specialistais ar konsultantais, finans\u0173 institucijomis, draudikais; taip pat pagal \u201eb\u016btina \u017einoti\u201c princip\u0105 duomenimis galime dalintis su savo dalininkais, finansininkais ir potencialiais m\u016bs\u0173 verslo ar akcij\u0173 pirk\u0117jais;<\/li>\n<li>mok\u0117jimo paslaug\u0173 tiek\u0117jais tiek, kiek to reikia atlikti ir gauti mok\u0117jimus;<\/li>\n<li>su \u201eCargoPoint\u201c grup\u0117s bendrov\u0117mis administraciniais tikslais.<\/li>\n<\/ol>\n<p>Su tre\u010diosiomis \u0161alimis J\u016bs\u0173 asmens duomenimis dalinsim\u0117s tik tais atvejais, jai tur\u0117sime teis\u0117t\u0105 tiksl\u0105 ir teis\u0117t\u0105 pagrind\u0105 tai daryti.<\/p>\n<p>Tam tikrais atvejais, bendraujant su tre\u010diosiomis \u0161alimis (pavyzd\u017eiui, naudojantis finansini\u0173 paslaug\u0173 teik\u0117j\u0173 paslaugomis), be \u0161ios Privatumo politikos J\u016bs\u0173 asmens duomen\u0173 tvarkymui taikomos ir toki\u0173 tre\u010di\u0173j\u0173 \u0161ali\u0173 privatumo politikos. Rekomenduojame perskaityti atitinkamas privatumo politikas, ta\u010diau neprisiimame jokios atsakomyb\u0117s u\u017e j\u0173 turin\u012f.<\/p>\n<p>Galiausiai, jei esate Vartotojo ar Gav\u0117jo atstovas, J\u016bs\u0173 duomenimis mes galime dalintis su J\u016bs\u0173 atstovaujama bendrove (asmeniu).<\/p>\n<p>&nbsp;<\/p>\n<h3><strong>6. Informacija apie asmens duomen\u0173 perdavim\u0105 u\u017e ES rib\u0173<\/strong><\/h3>\n<p>Mes netvarkome J\u016bs\u0173 asmens duomen\u0173 u\u017e ES \/ EEE rib\u0173.<\/p>\n<p>&nbsp;<\/p>\n<h3><strong>7. Vaik\u0173 asmens duomen\u0173 tvarkymas<\/strong><\/h3>\n<p>Mes s\u0105moningai nerenkame asmen\u012f identifikuojan\u010dios informacijos i\u0161 jaunesni\u0173 nei 18 met\u0173 am\u017eiaus asmen\u0173 (toliau \u2013 Vaikas arba Vaikai). Jei esate atsakingas u\u017e Vaik\u0105 ir \u017einote, kad Vaikas pateik\u0117 mums asmenin\u0119 informacij\u0105, pra\u0161ome su mumis susisiekti. Su\u017einoj\u0119, kad gavome asmenin\u0119 informacij\u0105 i\u0161 Vaiko be t\u0117v\u0173 sutikimo, imsim\u0117s atitinkam\u0173 priemoni\u0173 pa\u0161alinti toki\u0105 informacij\u0105 i\u0161 savo serveri\u0173 ir tiek, kiek \u012fmanoma, toliau jos netvarkyti.<\/p>\n<p>&nbsp;<\/p>\n<h3><strong>8. Automatinis sprendim\u0173 pri\u0117mimas<\/strong><\/h3>\n<p>Mes netvarkome J\u016bs\u0173 asmens duomen\u0173 tokiu b\u016bdu, kuriuo b\u016bt\u0173 priimamas automatinis sprendimas J\u016bs\u0173 at\u017evilgiu.<\/p>\n<p>&nbsp;<\/p>\n<h3><strong>9. BDAR numatytos J\u016bs\u0173 teis\u0117s<\/strong><\/h3>\n<p>Vadovaujantis Bendruoju duomen\u0173 apsaugos reglamentu (BDAR), J\u016bs turite tam tikras teises d\u0117l J\u016bs\u0173 asmens duomen\u0173 tvarkymo. BDAR nurodytais atvejais J\u016bs turite \u0161ias teises:<\/p>\n<ol>\n<li>teis\u0119 susipa\u017einti su duomenimis;<\/li>\n<li>teis\u0119 reikalauti i\u0161taisyti duomenis;<\/li>\n<li>teis\u0119 i\u0161trinti duomenis;<\/li>\n<li>teis\u0119 nesutikti su duomen\u0173 tvarkymu;<\/li>\n<li>teis\u0119 at\u0161aukti savo sutikim\u0105 d\u0117l duomen\u0173 tvarkymo;<\/li>\n<li>teis\u0119 riboti asmens duomen\u0173 tvarkym\u0105;<\/li>\n<li>teis\u0119 \u012f duomen\u0173 perkeliamum\u0105.<\/li>\n<\/ol>\n<p>Nor\u0117dami pasinaudoti savo teis\u0117mis, susisiekite su mumis el. pa\u0161tu <a href=\"mailto:info@cargopoint.com\">info@cargopoint.com<\/a>. Atminkite, kad norint \u012fgyvendinti J\u016bs\u0173 reikalaujamas teises, mums gali tekti tvarkyti papildomus asmens duomenis ir pra\u0161yti identifikacijos.<\/p>\n<p>Jei esate nepatenkinti m\u016bs\u0173 duomen\u0173 tvarkymo veikla, visada galite pateikti skund\u0105 Latvijos valstybinei duomen\u0173 apsaugos inspekcijai (el. p.: <a href=\"mailto:pasts@dvi.gov.lv\">pasts@dvi.gov.lv<\/a>; interneto svetain\u0117: <a href=\"http:\/\/www.dvi.gov.lv\">www.dvi.gov.lv<\/a>) arba savo nacionalinei duomen\u0173 apsaugos institucijai (savo duomen\u0173 apsaugos institucij\u0105 galite rasti internete adresu <a href=\"https:\/\/edpb.europa.eu\/about-edpb\/about-edpb\/members_en\">https:\/\/edpb.europa.eu\/about-edpb\/about-edpb\/members_en<\/a>).<\/p>\n<p>&nbsp;<\/p>\n<h3><strong>10. Privatumo politikos pakeitimai<\/strong><\/h3>\n<p>Mes pasiliekame teis\u0119 bet kuriuo metu viena\u0161ali\u0161kai atnaujinti \u0161i\u0105 Privatumo politik\u0105. Atnaujinta Privatumo politikos versija pateikiama m\u016bs\u0173 Platformoje. Rekomenduojame periodi\u0161kai per\u017ei\u016br\u0117ti \u0161i\u0105 Privatumo politik\u0105, kad susipa\u017eintum\u0117te su pakeitimais.<\/p>\n<p>&nbsp;<\/p>\n<h3><strong>11. Duomen\u0173 valdytojo kontaktin\u0117 informacija<\/strong><\/h3>\n<p>Jei turite koki\u0173 nors klausim\u0173 d\u0117l asmens duomen\u0173 tvarkymo arba \u0161ios Privatumo politikos, pra\u0161ome susisiekti su mumis el. pa\u0161to adresu\u00a0 <a href=\"mailto:info@cargopoint.com\">info@cargopoint.com<\/a> arba naudojantis toliau pateikta kontaktine informacija:<\/p>\n<p><strong>UAB \u201cCargopoint.lt\u201d<\/strong><br \/>\n\u012emon\u0117s kodas: 305737431<br \/>\nJuridinis adresas: Taikos pr. 88A, LT-51183 Kaunas<\/p>\n<p>&nbsp;<\/p>\n<p><em>\u0160i Privatumo politika galioja nuo 2021 m. gruod\u017eio 1 d.<\/em><\/p>\n<p>&nbsp;<\/p>\n<p>&nbsp;<\/p>\n","protected":false},"excerpt":{"rendered":"<p>PRIVATUMO POLITIKA &nbsp; \u0160i Privatumo politika taikoma \u201eCargoPoint\u201c (\u201eDuomen\u0173 valdytojas\u201c, \u201emes\u201c \u201emus\u201c, m\u016bs\u0173\u201c) vykdomam asmens duomen\u0173 tvarkymui ir joje apra\u0161oma, kaip ir kokiais tikslais mes tvarkome J\u016bs\u0173, kaip Vartotojo atstovo, Vairuotojo, Gav\u0117jo, svetain\u0117s lankytojo asmens duomenis ir kit\u0173 asmen\u0173 asmens duomenis \u201eCargoPoint\u201c interneto svetain\u0117je ir \u201eCargoPoint\u201c program\u0117l\u0117se (toliau \u2013 Platforma). \u0160ioje politikoje taip pat i\u0161d\u0117styta, [&hellip;]<\/p>\n","protected":false},"author":5,"featured_media":0,"parent":0,"menu_order":0,"comment_status":"closed","ping_status":"open","template":"","meta":{"footnotes":""},"class_list":["post-1595","page","type-page","status-publish","hentry"],"_links":{"self":[{"href":"https:\/\/www.cargopoint.com\/lt\/wp-json\/wp\/v2\/pages\/1595","targetHints":{"allow":["GET"]}}],"collection":[{"href":"https:\/\/www.cargopoint.com\/lt\/wp-json\/wp\/v2\/pages"}],"about":[{"href":"https:\/\/www.cargopoint.com\/lt\/wp-json\/wp\/v2\/types\/page"}],"author":[{"embeddable":true,"href":"https:\/\/www.cargopoint.com\/lt\/wp-json\/wp\/v2\/users\/5"}],"replies":[{"embeddable":true,"href":"https:\/\/www.cargopoint.com\/lt\/wp-json\/wp\/v2\/comments?post=1595"}],"version-history":[{"count":4,"href":"https:\/\/www.cargopoint.com\/lt\/wp-json\/wp\/v2\/pages\/1595\/revisions"}],"predecessor-version":[{"id":1666,"href":"https:\/\/www.cargopoint.com\/lt\/wp-json\/wp\/v2\/pages\/1595\/revisions\/1666"}],"wp:attachment":[{"href":"https:\/\/www.cargopoint.com\/lt\/wp-json\/wp\/v2\/media?parent=1595"}],"curies":[{"name":"wp","href":"https:\/\/api.w.org\/{rel}","templated":true}]}}