{"id":1641,"date":"2022-02-15T11:41:02","date_gmt":"2022-02-15T11:41:02","guid":{"rendered":"https:\/\/www.cargopoint.com\/?page_id=1641"},"modified":"2022-02-15T11:48:47","modified_gmt":"2022-02-15T11:48:47","slug":"cookie-policy","status":"publish","type":"page","link":"https:\/\/www.cargopoint.com\/lt\/cookie-policy\/","title":{"rendered":"Slapuk\u0173 politika"},"content":{"rendered":"<h2><strong>SLAPUK\u0172 POLITIKA<\/strong><\/h2>\n<p>\u0160i \u0160i Slapuk\u0173 politika taikoma kartu su m\u016bs\u0173 Privatumo politika. M\u016bs\u0173 Privatumo politikoje pateikiama informacija apie tai, kaip \u201eCargoPoint\u201c (\u012fskaitant \u201emes\u201c, \u201emus\u201c ir \u201em\u016bs\u0173\u201c) renka, dalijasi ir tvarko J\u016bs\u0173 asmenin\u0119 informacij\u0105. \u0160i Slapuk\u0173 politika taikoma slapuk\u0173 naudojimui tuo metu, kai J\u016bs lankot\u0117s m\u016bs\u0173 interneto svetain\u0117je. Slapuk\u0173 politika yra neatsiejama m\u016bs\u0173 Privatumo politikos dalis (kuri pateikta internete adresu <a href=\"https:\/\/www.cargopoint.com\/privacy-policy\/\">https:\/\/www.cargopoint.com\/privacy-policy\/<\/a>).<\/p>\n<p>\u0160ioje Slapuk\u0173 politikoje s\u0105voka \u201eslapukai\u201c apima tiek slapukus, tiek technologijas, kurios pana\u0161ios \u012f nar\u0161ykl\u0117s slapukus (pavyzd\u017eiui, pikseliai, indikatoriai, \u017eymos ir pan.).<\/p>\n<h3><strong>1 \u00a0\u00a0\u00a0\u00a0\u00a0 Kas yra slapukai?<\/strong><\/h3>\n<p>Slapukai yra ma\u017ei tekstiniai failai, kurie \u012fdiegiami \u012f J\u016bs\u0173 kompiuter\u012f per svetain\u0119, kurioje lankot\u0117s. Jie pla\u010diai naudojami u\u017etikrinti svetain\u0117s funkcionalum\u0105, padaryti svetaines veiksmingesn\u0117mis ir pateikti nauding\u0105 informacij\u0105 svetaini\u0173 savininkams, pavyzd\u017eiui, apie apsilankym\u0173 svetain\u0117je skai\u010di\u0173. Slapuk\u0173 naudojimas tapo standartine praktika daugumoje interneto svetaini\u0173 ir program\u0117li\u0173. Ta\u010diau, jei nenorite naudotis funkcijomis, kurias u\u017etikrina slapukai, galite juos tvarkyti ir valdyti savo nar\u0161ykl\u0117je \u2013 j\u0173 nepriimti arba juos i\u0161trinti i\u0161 savo nar\u0161ykl\u0117s istorijos.<\/p>\n<h3><strong>2\u00a0\u00a0\u00a0\u00a0\u00a0\u00a0 M\u016bs\u0173 naudojam\u0173 slapuk\u0173 tipai<\/strong><\/h3>\n<p>M\u016bs\u0173 svetain\u0117je naudojami tre\u010di\u0173j\u0173 \u0161ali\u0173 slapukai, kurie i\u0161saugomi J\u016bs\u0173 \u012frenginyje tuo metu, kai lankot\u0117s m\u016bs\u0173 svetain\u0117je. Slapukai naudojami valdyti interneto svetaines, analizuoti lankytoj\u0173 naudojim\u0105si svetaine ir tobulinti bei u\u017etikrinti bendr\u0105 svetain\u0117s funkcionalum\u0105. I\u0161 slapuk\u0173 gaunama informacija n\u0117ra skirta identifikuoti m\u016bs\u0173 svetain\u0117s lankytojus.<\/p>\n<p><strong>B\u016btini slapukai<\/strong>. B\u016btini slapukai naudojami u\u017etikrinti svetain\u0117s veikim\u0105, pavyzd\u017eiui, u\u017etikrinti saugum\u0105 ir pan. Be atitinkam\u0173 slapuk\u0173 svetain\u0117 negali tinkamai funkcionuoti. Tod\u0117l j\u0173 naudojimas reikalingas ir nepriklauso nuo to, ar J\u016bs sutinkate su j\u0173 naudojimu, ar ne.<\/p>\n<p>&nbsp;<\/p>\n<table width=\"623\">\n<tbody>\n<tr>\n<td width=\"156\"><strong>Slapukas<\/strong><\/td>\n<td width=\"156\"><strong>Tiek\u0117jas<\/strong><\/td>\n<td width=\"156\"><strong>Tikslas<\/strong><\/td>\n<td width=\"156\"><strong>Saugojimo trukm\u0117<\/strong><\/td>\n<\/tr>\n<tr>\n<td width=\"156\">ARRAffinity<\/td>\n<td width=\"156\">\u201eMicrosoft Azure\u201c<\/td>\n<td rowspan=\"2\" width=\"156\">Naudojamas apkrovos balansavimui, siekiant u\u017etikrinti, kad u\u017eklausos d\u0117l lankytoj\u0173 puslapi\u0173 b\u016bt\u0173 nukreiptos \u012f t\u0105 pat\u012f server\u012f bet kurios nar\u0161ymo sesijos metu.<\/td>\n<td width=\"156\">Iki sesijos pabaigos<\/td>\n<\/tr>\n<tr>\n<td width=\"156\">ARRAffinitySameSite<\/td>\n<td width=\"156\">\u201eMicrosoft Azure\u201c<\/td>\n<td width=\"156\">Iki sesijos pabaigos<\/td>\n<\/tr>\n<\/tbody>\n<\/table>\n<p>&nbsp;<\/p>\n<p><strong>Analitiniai slapukai<\/strong>. Analitiniai slapukai leid\u017eia mums sekti m\u016bs\u0173 svetain\u0117s lankytoj\u0173 elges\u012f ir suvokti, kaip jie naudojasi m\u016bs\u0173 svetaine. \u0160i\u0173 slapuk\u0173 naudojimui reikia J\u016bs\u0173 sutikimo.<\/p>\n<p>&nbsp;<\/p>\n<table width=\"623\">\n<tbody>\n<tr>\n<td width=\"156\"><strong>Slapukas<\/strong><\/td>\n<td width=\"156\"><strong>Tiek\u0117jas<\/strong><\/td>\n<td width=\"156\"><strong>Tikslas<\/strong><\/td>\n<td width=\"156\"><strong>Saugojimo trukm\u0117<\/strong><\/td>\n<\/tr>\n<tr>\n<td width=\"156\">_ga<\/td>\n<td width=\"156\">\u201eGoogle Analytics\u201c<\/td>\n<td width=\"156\">Registruoja unikal\u0173 atpa\u017einties kod\u0105, kuris naudojamas generuoti statistinius duomenis apie tai, kaip lankytojas naudojasi m\u016bs\u0173 svetaine.<\/td>\n<td width=\"156\">2 metai<\/td>\n<\/tr>\n<\/tbody>\n<\/table>\n<p>&nbsp;<\/p>\n<h3><strong>3\u00a0\u00a0\u00a0\u00a0\u00a0\u00a0 Tre\u010di\u0173j\u0173 \u0161ali\u0173 slapukai<\/strong><\/h3>\n<p>Dalis \u0161i\u0173 slapuk\u0173, kurie \u012fdiegiami J\u016bs\u0173 \u012frenginyje tuo metu, kai lankot\u0117s m\u016bs\u0173 svetain\u0117je, priklauso tre\u010di\u0173j\u0173 \u0161ali\u0173 paslaug\u0173 tiek\u0117jams. Tre\u010di\u0173j\u0173 \u0161ali\u0173 paslaug\u0173 tiek\u0117j\u0173 slapukai padeda mums teikti Jums skirtas paslaugas ir padeda suvokti, kaip J\u016bs naudojat\u0117s svetaine ir kaip joje nar\u0161ote. \u0160iuos slapukus naudojame \u0161ioje Slapuk\u0173 politikoje ir m\u016bs\u0173 Privatumo politikoje numatytais tikslais. Ta\u010diau \u0161ios tre\u010diosios \u0161alys gali per slapukus surinktus J\u016bs\u0173 duomenis naudoti savo tikslais, kuri\u0173 mes negalime kontroliuoti. Priimdami tre\u010di\u0173j\u0173 \u0161ali\u0173 slapukus, J\u016bs\u0173 taip pat sutinkate su atitinkam\u0173 tre\u010di\u0173j\u0173 \u0161ali\u0173 paslaug\u0173 tiek\u0117j\u0173 privatumo politikomis d\u0117l J\u016bs\u0173 asmens duomen\u0173 tvarkymo.<\/p>\n<p>Toliau galite matyti, kokie tre\u010di\u0173j\u0173 \u0161ali\u0173 paslaug\u0173 tiek\u0117jai gali tur\u0117ti prieig\u0105 prie informacijos, gaunamos i\u0161 J\u016bs\u0173 \u012frenginyje \u012fdiegt\u0173 slapuk\u0173. Atminkite, kad toliau pateiktos nuorodos susijusios su tre\u010di\u0173j\u0173 \u0161ali\u0173 interneto svetain\u0117mis, kuri\u0173 mes negalime kontroliuoti ir nesame atsakingi u\u017e j\u0173 turin\u012f.<\/p>\n<p><strong>\u201eGoogle\u201c<\/strong>. \u201eGoogle Analytics\u201c \u2013 tai \u201eGoogle\u201c teikiama \u017einiatinklio analiz\u0117s paslauga, skirta sekti ir informuoti apie interneto svetain\u0117s duomen\u0173 sraut\u0105. \u201eGoogle\u201c naudoja m\u016bs\u0173 surinkt\u0105 informacij\u0105, kad gal\u0117t\u0173 sekti ir steb\u0117ti m\u016bs\u0173 interneto svetain\u0117s naudojim\u0105. Daugiau informacijos apie \u201eGoogle\u201c naudojamas privatumo apsaugos praktikas galite rasti apsilank\u0119 \u201eGoogle\u201c privatumo ir s\u0105lyg\u0173 interneto svetain\u0117je adresu <a href=\"https:\/\/policies.google.com\/privacy?hl=lv\">https:\/\/policies.google.com\/privacy?hl=lv<\/a>.<\/p>\n<p><strong>\u201eMicrosoft\u201c<\/strong>. \u201eMicrosoft Azure\u201c yra debesijos pagrindo paslauga ir jos slapukai yra naudojami valdyti svetain\u0119. Daugiau informacijos apie \u201eMicrosoft\u201c taikomas privatumo apsaugos praktikas rasite apsilank\u0119 \u201eMicrosoft\u201c interneto svetain\u0117je adresu <a href=\"https:\/\/privacy.microsoft.com\/en-us\/privacystatement\">https:\/\/privacy.microsoft.com\/en-us\/privacystatement<\/a>.<\/p>\n<p>&nbsp;<\/p>\n<h3><strong>4\u00a0\u00a0\u00a0\u00a0\u00a0\u00a0 Kaip valdyti slapukus?<\/strong><\/h3>\n<p>Jums lankantis m\u016bs\u0173 svetain\u0117je, mes nustatome slapukus, kuri\u0173 reikia, kad J\u016bs\u0173 gal\u0117tum\u0117te naudotis m\u016bs\u0173 svetain\u0117s funkcijomis.<\/p>\n<p>Dauguma nar\u0161ykli\u0173 (\u201eFirefox\u201c, \u201eGoogle Chrome\u201c, \u201eInternet Explorer\u201c ir pan.) leid\u017eia Jums valdyti slapukus per nar\u0161ykl\u0117s nuostatas. Pavyzd\u017eiui, galite nustatyti, kad J\u016bs\u0173 nar\u0161ykl\u0117 blokuot\u0173 kuri\u0173 nors ar vis\u0173 slapuk\u0173 i\u0161saugojim\u0105, i\u0161trint\u0173 slapukus arba persp\u0117t\u0173 Jus, kai J\u016bs\u0173 nar\u0161ykl\u0117je i\u0161saugomas naujas slapukas.<\/p>\n<p>Paspausdami mygtuk\u0105 \u201ehelp\u201c (pagalba) savo nar\u0161ykl\u0117je, galite rasti nurodymus, kaip neleisti i\u0161saugoti slapuk\u0173 J\u016bs\u0173 nar\u0161ykl\u0117je, bei tai, kokie slapukai jau buvo i\u0161saugoti ir, jei norite, galite juos i\u0161trinti. Nuostatas reikia pakeisti kiekvienoje J\u016bs\u0173 naudojamoje nar\u0161ykl\u0117je.<\/p>\n<p>Ta\u010diau atminkite, kad, nei\u0161saugoj\u0119 tam tikr\u0173 slapuk\u0173, negal\u0117site naudotis tam tikromis m\u016bs\u0173 svetain\u0117s funkcijomis ar paslaugomis arba apskritai naudotis svetaine, kadangi tam tikroms svetain\u0117s funkcijoms b\u016btinas slapuk\u0173 naudojimas.<\/p>\n<p>Su slapukais galite susipa\u017einti ir i\u0161siai\u0161kinti, kaip juos per\u017ei\u016br\u0117ti, valdyti ir i\u0161trinti, apsilank\u0119 interneto svetain\u0117se <a href=\"http:\/\/www.aboutcookies.org\">www.aboutcookies.org<\/a>, <a href=\"http:\/\/www.allaboutcookies.org\">www.allaboutcookies.org<\/a> arba kitose Internete esan\u010diose svetain\u0117se. Atminkite, kad tai nuorodos \u012f tre\u010di\u0173j\u0173 \u0161ali\u0173 svetaines, kuri\u0173 mes nekontroliuojame.<\/p>\n<p>&nbsp;<\/p>\n<h3><strong>5\u00a0\u00a0\u00a0\u00a0\u00a0\u00a0 \u0160ios Slapuk\u0173 politikos pakeitimai<\/strong><\/h3>\n<p>Mes pasiliekame teis\u0119 bet kuriuo metu viena\u0161ali\u0161kai atnaujinti \u0161i\u0105 Slapuk\u0173 politik\u0105. Atnaujinta \u0161ios Slapuk\u0173 politikos versija pateikiama m\u016bs\u0173 svetain\u0117je arba program\u0117l\u0117se. Rekomenduojame periodi\u0161kai per\u017ei\u016br\u0117ti \u0161i\u0105 Slapuk\u0173 politik\u0105, kad susipa\u017eintum\u0117te su pakeitimais.<\/p>\n<p>&nbsp;<\/p>\n<h3><strong>6\u00a0\u00a0\u00a0\u00a0\u00a0\u00a0 Kontaktin\u0117 informacija<\/strong><\/h3>\n<p>Jei turite koki\u0173 nors klausim\u0173 d\u0117l asmens duomen\u0173 tvarkymo arba \u0161ios Slapuk\u0173 politikos, pra\u0161ome susisiekti su mumis el. pa\u0161to adresu info@cargopoint.com arba pagal toliau pateikt\u0105 kontaktin\u0119 informacij\u0105:<\/p>\n<p><strong>UAB \u201cCargopoint.lt\u201d<\/strong><br \/>\n\u012emon\u0117s kodas: 305737431<br \/>\nJuridinis adresas: Taikos pr. 88A, LT-51183 Kaunas<\/p>\n<p>&nbsp;<\/p>\n<p><em>\u0160i slapuk\u0173 politika galioja nuo 2021 m. gruod\u017eio 1 d.<\/em><\/p>\n<p>&nbsp;<\/p>\n","protected":false},"excerpt":{"rendered":"<p>SLAPUK\u0172 POLITIKA \u0160i \u0160i Slapuk\u0173 politika taikoma kartu su m\u016bs\u0173 Privatumo politika. M\u016bs\u0173 Privatumo politikoje pateikiama informacija apie tai, kaip \u201eCargoPoint\u201c (\u012fskaitant \u201emes\u201c, \u201emus\u201c ir \u201em\u016bs\u0173\u201c) renka, dalijasi ir tvarko J\u016bs\u0173 asmenin\u0119 informacij\u0105. \u0160i Slapuk\u0173 politika taikoma slapuk\u0173 naudojimui tuo metu, kai J\u016bs lankot\u0117s m\u016bs\u0173 interneto svetain\u0117je. Slapuk\u0173 politika yra neatsiejama m\u016bs\u0173 Privatumo politikos dalis [&hellip;]<\/p>\n","protected":false},"author":5,"featured_media":0,"parent":0,"menu_order":0,"comment_status":"closed","ping_status":"closed","template":"","meta":{"footnotes":""},"class_list":["post-1641","page","type-page","status-publish","hentry"],"_links":{"self":[{"href":"https:\/\/www.cargopoint.com\/lt\/wp-json\/wp\/v2\/pages\/1641","targetHints":{"allow":["GET"]}}],"collection":[{"href":"https:\/\/www.cargopoint.com\/lt\/wp-json\/wp\/v2\/pages"}],"about":[{"href":"https:\/\/www.cargopoint.com\/lt\/wp-json\/wp\/v2\/types\/page"}],"author":[{"embeddable":true,"href":"https:\/\/www.cargopoint.com\/lt\/wp-json\/wp\/v2\/users\/5"}],"replies":[{"embeddable":true,"href":"https:\/\/www.cargopoint.com\/lt\/wp-json\/wp\/v2\/comments?post=1641"}],"version-history":[{"count":4,"href":"https:\/\/www.cargopoint.com\/lt\/wp-json\/wp\/v2\/pages\/1641\/revisions"}],"predecessor-version":[{"id":1644,"href":"https:\/\/www.cargopoint.com\/lt\/wp-json\/wp\/v2\/pages\/1641\/revisions\/1644"}],"wp:attachment":[{"href":"https:\/\/www.cargopoint.com\/lt\/wp-json\/wp\/v2\/media?parent=1641"}],"curies":[{"name":"wp","href":"https:\/\/api.w.org\/{rel}","templated":true}]}}