{"id":910,"date":"2021-10-04T11:18:08","date_gmt":"2021-10-04T11:18:08","guid":{"rendered":"https:\/\/cargopoint-wp.azurewebsites.net\/?page_id=910"},"modified":"2022-02-02T06:42:08","modified_gmt":"2022-02-02T06:42:08","slug":"privacy-policy","status":"publish","type":"page","link":"https:\/\/www.cargopoint.com\/lv\/privacy-policy\/","title":{"rendered":"Privacy Policy"},"content":{"rendered":"\r\n<h1 class=\"wp-block-heading\"><strong>PRIV\u0100TUMA POLITIKA<\/strong><\/h1>\r\n<p>\u0160\u012b Priv\u0101tuma politika attiecas uz personas datu apstr\u0101di, ko veic CargoPoint (\u201cP\u0101rzinis\u201d, \u201cm\u0113s\u201d, \u201cmums\u201d, \u201cm\u016bsu\u201d), un taj\u0101 aprakst\u012bts, k\u0101 un k\u0101diem m\u0113r\u0137iem m\u0113s apstr\u0101d\u0101jam J\u016bsu k\u0101 Lietot\u0101ju p\u0101rst\u0101vju, Autovad\u012bt\u0101ju, Sa\u0146\u0113m\u0113ju, t\u012bmek\u013cvietnes apmekl\u0113t\u0101ju un citu personu personas datus CargoPoint t\u012bmek\u013cvietn\u0113 un CargoPoint lietotn\u0113s (\u201cPlatforma\u201d). \u0160aj\u0101 politik\u0101 ar\u012b aprakst\u012bts, k\u0101 persona var izmantot savas datu subjekta ties\u012bbas. M\u0113s apstr\u0101d\u0101jam personas datus saska\u0146\u0101 ar Visp\u0101r\u012bgo datu aizsardz\u012bbas regulu (\u201cVDAR\u201d) un citiem piem\u0113rojamiem likumiem. Ja vien nav nor\u0101d\u012bts cit\u0101di, \u0161aj\u0101 Priv\u0101tuma politik\u0101 izmantotajiem terminiem ir t\u0101da pati noz\u012bme k\u0101 VDAR 4. panta terminiem un CargoPoint Visp\u0101r\u012bgajos noteikumos defin\u0113tajiem terminiem.<\/p>\r\n<p>Izmantojot m\u016bsu pakalpojumus, kas tiek nodro\u0161in\u0101ti ar Platformas starpniec\u012bbu, J\u016bs apliecin\u0101t, ka esat iepazinies ar m\u016bsu Priv\u0101tuma politiku.<\/p>\r\n<p>&nbsp;<\/p>\r\n<h3><strong>1. K\u0101di personas dati tiek apstr\u0101d\u0101ti<\/strong><\/h3>\r\n<p>Lai sniegtu Jums m\u016bsu pakalpojumus un sasniegtu \u0161aj\u0101 Priv\u0101tuma politik\u0101 nor\u0101d\u012btos m\u0113r\u0137us, m\u0113s apstr\u0101d\u0101jam noteiktus ar Jums saist\u012btus personas datus. Zem\u0101k m\u0113s esam nor\u0101d\u012bju\u0161i, k\u0101das personas datu kategorijas m\u0113s apstr\u0101d\u0101jam.<\/p>\r\n<p><strong>Identifik\u0101cijas dati<\/strong> \u2013 var ietvert t\u0101du inform\u0101ciju k\u0101 personas v\u0101rdu, uzv\u0101rdu, personas kodu vai dzim\u0161anas datumu, p\u0101rst\u0101v\u012bbas ties\u012bbas.<\/p>\r\n<p><strong>Kontaktinform\u0101cija <\/strong>&#8211; lai var\u0113tu ar Jums sazin\u0101ties, m\u0113s varam apstr\u0101d\u0101t e-pasta adresi, t\u0101lru\u0146a numuru un adresi.<\/p>\r\n<p><strong>Pas\u016bt\u012bjuma dati <\/strong>\u2013 inform\u0101cija par Kravu (piem., Kravas apraksts, smagums un tilpums), Kravas iekrau\u0161anas un izkrau\u0161anas vieta un laiks, pieg\u0101des att\u0101lums, adrese.<\/p>\r\n<p><strong>Lok\u0101cijas dati<\/strong> \u2013 inform\u0101cija par atra\u0161an\u0101s vietu un laiku (GPS dati), braucot uz Kravas uzkrau\u0161anas vietu un veicot Kravas pieg\u0101di, kas sa\u0146emta no lietotnes lietot\u0101ja viedier\u012bces.<\/p>\r\n<p>&nbsp;<\/p>\r\n<h3><strong>2. K\u0101 m\u0113s ieg\u016bstam J\u016bsu personas datus<\/strong><\/h3>\r\n<p>M\u016bsu pakalpojumu snieg\u0161anas laik\u0101 m\u0113s varam ieg\u016bt J\u016bsu personas datus tie\u0161i no Jums vai no tre\u0161aj\u0101m person\u0101m. Da\u013cu no personas datiem m\u0113s ieg\u016bstam no Jums, kad izmantojat Platformas funkcijas, vai ar\u012b inform\u0101ciju mums sniedz Lietot\u0101ji, ko J\u016bs p\u0101rst\u0101vat vai kuru lab\u0101 str\u0101d\u0101jat.<\/p>\r\n<p>Inform\u0101cija par s\u016bt\u012bjumu Sa\u0146\u0113m\u0113jiem, kas vienlaikus nav Nos\u016bt\u012bt\u0101ji, tiek sa\u0146emta no Nos\u016bt\u012bt\u0101ja, lai var\u0113tu veikt Pas\u016bt\u012bjumu izpildi.<\/p>\r\n<p>&nbsp;<\/p>\r\n<h3><strong>3. K\u0101diem nol\u016bkiem un uz k\u0101da tiesisk\u0101 pamata tiek apstr\u0101d\u0101ti J\u016bsu dati<\/strong><\/h3>\r\n<p>\u0160aj\u0101 sada\u013c\u0101 m\u0113s sniedzam Jums s\u012bk\u0101ku inform\u0101ciju par m\u0113r\u0137iem, k\u0101diem m\u0113s var\u0113tu apstr\u0101d\u0101t da\u017e\u0101das personas datu kategorijas, k\u0101 ar\u012b identific\u0113jam tiesisko pamatu, saska\u0146\u0101 ar kuru m\u0113s apstr\u0101d\u0101jam J\u016bsu personas datus.<\/p>\r\n<table width=\"623\">\r\n<tbody>\r\n<tr>\r\n<td width=\"189\">\r\n<p><strong>M\u0113r\u0137is<\/strong><\/p>\r\n<\/td>\r\n<td width=\"189\">\r\n<p><strong>Personas datu kategorijas<\/strong><\/p>\r\n<\/td>\r\n<td width=\"246\">\r\n<p><strong>Juridiskais pamats<\/strong><\/p>\r\n<\/td>\r\n<\/tr>\r\n<tr>\r\n<td width=\"189\">\r\n<p>CargoPoint L\u012bguma nosl\u0113g\u0161ana un Lietot\u0101ja konta izveido\u0161ana<\/p>\r\n<\/td>\r\n<td width=\"189\">\r\n<p>Lietot\u0101ja p\u0101rst\u0101vja Identifik\u0101cijas dati, Kontaktinform\u0101cija<\/p>\r\n<\/td>\r\n<td width=\"246\">\r\n<p>Kad darbojaties k\u0101 Lietot\u0101ja p\u0101rst\u0101vis, J\u016bsu datu apstr\u0101de ir balst\u012bta uz m\u016bsu le\u0123it\u012bmaj\u0101m interes\u0113m sp\u0113t pild\u012bt l\u012bgumu, kas nosl\u0113gts ar Lietot\u0101ju, ko p\u0101rst\u0101vat, k\u0101 ar\u012b p\u0101rbaud\u012bt J\u016bsu ties\u012bbas p\u0101rst\u0101v\u0113t Lietot\u0101ju (VDAR 6(1)(f) pants).<\/p>\r\n<\/td>\r\n<\/tr>\r\n<tr>\r\n<td width=\"189\">\r\n<p>Administratoru, Mened\u017eeru un Autovad\u012bt\u0101ju autentifik\u0101cija Platform\u0101 un to p\u0101rvald\u012bba<\/p>\r\n<\/td>\r\n<td width=\"189\">\r\n<p>Administratoru, Mened\u017eeru un Autovad\u012bt\u0101ju Identifik\u0101cijas dati, mobil\u0101 t\u0101lru\u0146a numuri.<\/p>\r\n<\/td>\r\n<td width=\"246\">\r\n<p>Le\u0123it\u012bm\u0101s intereses nodro\u0161in\u0101t l\u012bguma izpildi, kas nosl\u0113gts ar Lietot\u0101ju un sniegt piek\u013cuvi Platformai (VDAR 6(1)(f) pants).<\/p>\r\n<\/td>\r\n<\/tr>\r\n<tr>\r\n<td width=\"189\">\r\n<p>Pas\u016bt\u012bjuma pied\u0101v\u0101juma sagatavo\u0161ana un izpilde<\/p>\r\n<\/td>\r\n<td width=\"189\">\r\n<p>Pas\u016bt\u012bjuma dati, Sa\u0146\u0113m\u0113ja vai t\u0101 p\u0101rst\u0101vja Identifik\u0101cijas dati un Kontaktinform\u0101cija, Autovad\u012bt\u0101ja Lok\u0101cijas dati, Identifik\u0101cijas dati un Kontaktinform\u0101cija.<\/p>\r\n<\/td>\r\n<td width=\"246\">\r\n<p>Le\u0123it\u012bm\u0101s intereses nodro\u0161in\u0101t l\u012bguma izpildi, kas nosl\u0113gts ar Lietot\u0101ju (VDAR 6(1)(f) pants).<\/p>\r\n<\/td>\r\n<\/tr>\r\n<tr>\r\n<td width=\"189\">\r\n<p>Pas\u016bt\u012bjuma izpildes fiks\u0101cija, izmantojot PIN kodu sist\u0113mu<\/p>\r\n<\/td>\r\n<td width=\"189\">\r\n<p>Sa\u0146\u0113m\u0113ja, Lietot\u0101ju nor\u0101d\u012btie t\u0101lru\u0146a numuri<\/p>\r\n<\/td>\r\n<td width=\"246\">\r\n<p>Le\u0123it\u012bm\u0101s intereses nodro\u0161in\u0101t un fiks\u0113t l\u012bguma izpildi, kas nosl\u0113gts ar Lietot\u0101ju (VDAR 6(1)(f) pants).<\/p>\r\n<\/td>\r\n<\/tr>\r\n<tr>\r\n<td width=\"189\">\r\n<p>Pas\u016bt\u012bjuma izpildes apliecin\u0101juma, pieg\u0101des atskaites sagatavo\u0161ana un nos\u016bt\u012b\u0161ana Lietot\u0101jiem un Sa\u0146\u0113m\u0113jam<\/p>\r\n<\/td>\r\n<td width=\"189\">\r\n<p>Pas\u016bt\u012bjuma dati, Sa\u0146\u0113m\u0113ja vai t\u0101 p\u0101rst\u0101vja Identifik\u0101cijas dati un Kontaktinform\u0101cija, Autovad\u012bt\u0101ja veikt\u0101 mar\u0161ruta Lok\u0101cijas dati, Identifik\u0101cijas dati un Kontaktinform\u0101cija, Kravas un iekrau\u0161anas \/ izkrau\u0161anas vietu fotouz\u0146\u0113mumi.<\/p>\r\n<\/td>\r\n<td width=\"246\">\r\n<p>Le\u0123it\u012bm\u0101s intereses nodro\u0161in\u0101t l\u012bguma izpildi, kas nosl\u0113gts ar Lietot\u0101ju un nodro\u0161in\u0101ties ar pier\u0101d\u012bjumiem pas\u016bt\u012bjuma izpildei (VDAR 6(1)(f) pants).<\/p>\r\n<\/td>\r\n<\/tr>\r\n<tr>\r\n<td width=\"189\">\r\n<p>Gr\u0101matved\u012bbas k\u0101rto\u0161ana, r\u0113\u0137inu izrakst\u012b\u0161ana<\/p>\r\n<\/td>\r\n<td width=\"189\">\r\n<p>Identifik\u0101cijas dati, Pas\u016bt\u012bjuma dati<\/p>\r\n<\/td>\r\n<td width=\"246\">\r\n<p>Apstr\u0101d\u0101t dar\u012bjumu apliecino\u0161os dokumentus ir m\u016bsu likumiskais pien\u0101kums (VDAR 6(1)(c) pants), kas izriet no gr\u0101matved\u012bbas tiesisk\u0101 regul\u0113juma.<\/p>\r\n<\/td>\r\n<\/tr>\r\n<tr>\r\n<td width=\"189\">\r\n<p>Sazi\u0146a ar mums, tai skait\u0101 s\u016bdz\u012bbu apstr\u0101de<\/p>\r\n<\/td>\r\n<td width=\"189\">\r\n<p>V\u0101rds, uzv\u0101rds, valsts, e-pasta adrese, temats un J\u016bsu nos\u016bt\u012bt\u0101 zi\u0146a<\/p>\r\n<\/td>\r\n<td width=\"246\">\r\n<p>T\u0101 ir m\u016bsu le\u0123it\u012bma interese nodro\u0161in\u0101t sniegto pakalpojumu un Platformas kvalit\u0101ti un sniegt atbildes uz J\u016bsu interes\u0113jo\u0161iem jaut\u0101jumiem (VDAR 6(1)(f) pants).<\/p>\r\n<\/td>\r\n<\/tr>\r\n<\/tbody>\r\n<\/table>\r\n<p>M\u0113s varam apstr\u0101d\u0101t J\u016bsu personas datus ar\u012b citiem likum\u012bgiem m\u0113r\u0137iem, ja tam atbilsto\u0161i VDAR tiesiskais pamats, k\u0101, piem\u0113ram, ja J\u016bs esat mums devis savu piekri\u0161anu (VDAR 6(1)(a) pants), vai ja mums ir le\u0123it\u012bmas intereses (VDAR 6(1)(f) pants). Ja m\u0113s apstr\u0101d\u0101jam J\u016bsu personas datus citiem m\u0113r\u0137iem, nevis tiem, kas nor\u0101d\u012bti iepriek\u0161 tabul\u0101, m\u0113s nodro\u0161in\u0101sim, ka \u0161\u0101da apstr\u0101de ir sader\u012bga ar m\u0113r\u0137iem, kuriem personas dati tika ieg\u016bti. Kad iesp\u0113jams, m\u0113s J\u016bs inform\u0113sim par jauniem datu apstr\u0101des m\u0113r\u0137iem.<\/p>\r\n<p>&nbsp;<\/p>\r\n<h3><strong>4. Cik ilgi m\u0113s apstr\u0101d\u0101sim J\u016bsu personas datus<\/strong><\/h3>\r\n<p>M\u0113s saglab\u0101sim J\u016bsu personas datus tikai tik ilgi, cik tas ir nepiecie\u0161ams \u0161aj\u0101 Priv\u0101tuma politik\u0101 noteiktajiem m\u0113r\u0137iem.<\/p>\r\n<p>Platform\u0101 re\u0123istr\u0113tie konti un tajos nor\u0101d\u012btie personas dati tiek apstr\u0101d\u0101ti l\u012bdz Lietot\u0101ji tos dz\u0113\u0161, vai l\u012bdz ko tiek izbeigts l\u012bgums ar mums. Lok\u0101cijas datu ieraksti tiek saglab\u0101ti 1 gadu un p\u0113c tam tie tiek glab\u0101ti pieg\u0101des atskait\u0113s.<\/p>\r\n<p>Ja J\u016bsu personas dati ir iek\u013cauti l\u012bgumos, kas nosl\u0113gti ar mums, m\u0113s \u0161os datus varam uzglab\u0101t ar\u012b l\u012bdz attiec\u012bg\u0101 l\u012bguma izbeig\u0161anai un p\u0113c tam l\u012bdz iesp\u0113jamo pras\u012bbu, kas izriet no \u0161\u0101da l\u012bguma, noilguma perioda beig\u0101m, vai ilg\u0101k, ja \u0161\u0101dai glab\u0101\u0161anai b\u016bs likum\u012bgs m\u0113r\u0137is (piem\u0113ram, gr\u0101matved\u012bbas nol\u016bkiem).<\/p>\r\n<p>Personas dati, kas iek\u013cauti gr\u0101matved\u012bbas datos var tikt glab\u0101ti atbilsto\u0161i piem\u0113rojamiem gr\u0101matved\u012bbas likumiem, ta\u010du ne maz\u0101k k\u0101 5 gadus.<\/p>\r\n<p>Pas\u016bt\u012bjuma izpildes apliecin\u0101jumi, pieg\u0101des atskaites un tajos iek\u013cautie personas dati var tikt glab\u0101ti 4 gadus, no attiec\u012bg\u0101 kalend\u0101ra gada beig\u0101m. Inform\u0101cija, ko sniedzat mums, kad sazin\u0101ties ar mums, var tikt glab\u0101ta 4 gadus p\u0113c p\u0113d\u0113j\u0101 sazi\u0146as br\u012b\u017ea, no attiec\u012bg\u0101 kalend\u0101r\u0101 gada beig\u0101m.<\/p>\r\n<p>Personas dati var tikt apstr\u0101d\u0101ti ar\u012b ilg\u0101ku periodu, ja tam ir tiesisks pamats, piem\u0113ram, ja piem\u0113rojamais likums paredz ilg\u0101ku datu glab\u0101\u0161anas termi\u0146u, vai ar\u012b tas ir nepiecie\u0161ams iesp\u0113jama vai eso\u0161a str\u012bda risin\u0101\u0161anai.<\/p>\r\n<p>&nbsp;<\/p>\r\n<h3><strong>5. Kad personas dati var tikt var kop\u012bgoti ar tre\u0161aj\u0101m person\u0101m<\/strong><\/h3>\r\n<p>M\u016bsu pakalpojumu snieg\u0161anas nol\u016bkos m\u0113s varam kop\u012bgot J\u016bsu personas datus ar Nos\u016bt\u012bt\u0101jiem, Pieg\u0101d\u0101t\u0101jiem un Sa\u0146\u0113m\u0113jiem, kuri ir iesaist\u012bti attiec\u012bg\u0101 Pas\u016bt\u012bjuma izpild\u0113, piem\u0113ram, lai nodro\u0161in\u0101tu pas\u016bt\u012bjumu sa\u0146em\u0161anu un izpildi. Nor\u0101d\u0101m, ka Nos\u016bt\u012bt\u0101ji, Pieg\u0101d\u0101t\u0101ji un Sa\u0146\u0113m\u0113ji var apstr\u0101d\u0101t J\u016bsu personas datus saviem m\u0113r\u0137iem, cita starp\u0101, lai izpild\u012btu Pas\u016bt\u012bjumu, apstiprin\u0101tu J\u016bsu pilnvaras attiec\u012bg\u0101 Pas\u016bt\u012bjuma ietvaros un citiem m\u0113r\u0137iem. Lai ieg\u016btu piln\u012bgu inform\u0101ciju par tre\u0161o personu priv\u0101tumu praksi, l\u016bdzu, sazinieties ar attiec\u012bgo Nos\u016bt\u012bt\u0101ju, Pieg\u0101d\u0101t\u0101ju un\/ vai Sa\u0146\u0113m\u0113ju.<\/p>\r\n<p>M\u0113s varam kop\u012bgot J\u016bsu personas datus ar person\u0101m, kuras m\u0113s esam pilnvaroju\u0161i, un ar m\u016bsu sadarb\u012bbas partneriem, kas pal\u012bdz mums nodro\u0161in\u0101t m\u016bsu pakalpojumus, piem\u0113ram, IT pakalpojumu sniedz\u0113jiem (ieskaitot, bet neaprobe\u017eojoties ar e-pastu pakalpojumu sniedz\u0113jiem, viet\u0146u uztur\u0113\u0161anas pakalpojumiem, serveru nodro\u0161in\u0101t\u0101jiem vai uztur\u0113t\u0101jiem utt.), m\u0101rketinga pakalpojumu sniedz\u0113jiem, maks\u0101jumu pakalpojumu sniedz\u0113jiem un citiem. Kop\u012bgojot J\u016bsu personas datus ar tre\u0161aj\u0101m person\u0101m, m\u0113s veiksim visas nepiecie\u0161am\u0101s darb\u012bbas, lai nodro\u0161in\u0101tu, ka tre\u0161\u0101s personas nodro\u0161ina J\u016bsu personas datu pien\u0101c\u012bgu aizsardz\u012bbu.<\/p>\r\n<p>Turkl\u0101t m\u0113s varam kop\u012bgot J\u016bsu personas datus \u0161\u0101d\u0101s situ\u0101cij\u0101s:<\/p>\r\n<ol>\r\n<li>P\u0113c pamatota piepras\u012bjuma sa\u0146em\u0161anas saska\u0146\u0101 ar piem\u0113rojamo likumu proced\u016br\u0101m m\u0113s varam kop\u012bgot J\u016bsu personas datus ar person\u0101m, kuras tam pilnvarotas likumos (piem\u0113ram, izmekl\u0113\u0161anas iest\u0101des);<\/li>\r\n<li>Ja nepiecie\u0161ams, lai aizsarg\u0101tu m\u016bsu ar likumu aizsarg\u0101t\u0101s intereses (piem\u0113ram, ja persona ir p\u0101rk\u0101pusi m\u016bsu intereses), m\u0113s varam kop\u012bgot personas datus ar ties\u0101m, tiesu izpild\u012bt\u0101jiem vai cit\u0101m attiec\u012bg\u0101m valsts instit\u016bcij\u0101m;<\/li>\r\n<li>Ja nepiecie\u0161ams, m\u016bsu partneriem, piem\u0113ram, auditoriem, juristiem un citiem speci\u0101listiem vai konsultantiem, finan\u0161u iest\u0101d\u0113m, apdro\u0161in\u0101t\u0101jiem; ar\u012b pamatojoties uz nepiecie\u0161am\u012bbu zin\u0101t, dati var tikt kop\u012bgoti ar m\u016bsu dal\u012bbniekiem, finans\u0113t\u0101jiem un potenci\u0101lajiem m\u016bsu biznesa vai t\u0101 da\u013cas pirc\u0113jiem;<\/li>\r\n<li>Maks\u0101jumu pakalpojumu sniedz\u0113jiem tikt\u0101l, cik tas nepiecie\u0161ams maks\u0101jumu veik\u0161anai vai sa\u0146em\u0161anai;<\/li>\r\n<li>CargoPoint grupas sabiedr\u012bb\u0101m administrat\u012bviem nol\u016bkiem.<\/li>\r\n<\/ol>\r\n<p>M\u0113s nedal\u012bsimies ar J\u016bsu personas datiem tre\u0161aj\u0101m person\u0101m, ja tam nav le\u0123it\u012bma m\u0113r\u0137a un likum\u012bga pamata.<\/p>\r\n<p>Atsevi\u0161\u0137\u0101s situ\u0101cij\u0101s, kad m\u0113s sadarbojamies ar tre\u0161aj\u0101m person\u0101m (piem\u0113ram, izmantojot finan\u0161u pakalpojumu sniedz\u0113ju pakalpojumus), papildus \u0161ai Priv\u0101tuma politikai J\u016bsu personas datu apstr\u0101dei tiks piem\u0113rotas ar\u012b attiec\u012bgo tre\u0161o personu priv\u0101tuma politikas. M\u0113s iesak\u0101m iepaz\u012bties ar attiec\u012bgaj\u0101m priv\u0101tuma politik\u0101m, tom\u0113r m\u0113s neuz\u0146emamies nek\u0101du atbild\u012bbu par to saturu.<\/p>\r\n<p>Visbeidzot, ja J\u016bs r\u012bkojaties k\u0101 Lietot\u0101ja vai Sa\u0146\u0113m\u0113ja p\u0101rst\u0101vis, m\u0113s varam kop\u012bgot J\u016bsu datus ar sabiedr\u012bbu\/ personu, kuru J\u016bs p\u0101rst\u0101vat.<\/p>\r\n<p>&nbsp;<\/p>\r\n<h3><strong>6. Inform\u0101cija par personas datu p\u0101rs\u016bt\u012b\u0161anu \u0101rpus ES<\/strong><\/h3>\r\n<p>M\u0113s neveicam J\u016bsu personas datu apstr\u0101di \u0101rpus ES\/ EEZ robe\u017e\u0101m.<\/p>\r\n<p>&nbsp;<\/p>\r\n<h3><strong>7. B\u0113rnu personas datu apstr\u0101de<\/strong><\/h3>\r\n<p>M\u0113s apzin\u0101ti neieg\u016bstam personu identific\u0113jo\u0161u inform\u0101ciju no person\u0101m, kas jaun\u0101kas par 18 gadiem (\u201cB\u0113rns\u201d vai \u201cB\u0113rni\u201d). Ja Jums ir vec\u0101ku atbild\u012bba par B\u0113rnu un J\u016bs zin\u0101t, ka J\u016bsu B\u0113rns mums ir iesniedzis personas datus, l\u016bdzu, sazinieties ar mums. Ja m\u0113s uzzin\u0101sim, ka esam ieguvu\u0161i personas datus no B\u0113rna, nesa\u0146emot vec\u0101ku at\u013cauju, m\u0113s veiksim nepiecie\u0161am\u0101s darb\u012bbas, lai \u0161o inform\u0101ciju iz\u0146emtu no m\u016bsu serveriem un turpm\u0101k neapstr\u0101d\u0101tu, cikt\u0101l tas ir iesp\u0113jams.<\/p>\r\n<p>&nbsp;<\/p>\r\n<h3><strong>8. Autom\u0101tiska l\u0113mumu pie\u0146em\u0161ana<\/strong><\/h3>\r\n<p>M\u0113s neveicam J\u016bsu personas datu apstr\u0101di t\u0101d\u0101 veid\u0101, kas paredz autom\u0101tisku l\u0113mumu pie\u0146em\u0161anu par Jums.<\/p>\r\n<p>&nbsp;<\/p>\r\n<h3><strong>9. J\u016bsu ties\u012bbas, kas izriet no VDAR<\/strong><\/h3>\r\n<p>Saska\u0146\u0101 ar Visp\u0101r\u012bgo datu aizsardz\u012bbas regulu Jums ir noteiktas ties\u012bbas attiec\u012bb\u0101 uz J\u016bsu personas datu apstr\u0101di. VDAR noteiktaj\u0101s situ\u0101cij\u0101s Jums ir \u0161\u0101das ties\u012bbas:<\/p>\r\n<ol>\r\n<li>Piek\u013cuves ties\u012bbas<\/li>\r\n<li>Ties\u012bbas uz labojumiem<\/li>\r\n<li>Ties\u012bbas uz dz\u0113\u0161anu<\/li>\r\n<li>Ties\u012bbas iebilst<\/li>\r\n<li>Ties\u012bbas atsaukt savu piekri\u0161anu<\/li>\r\n<li>Ties\u012bbas ierobe\u017eot personas datu apstr\u0101di<\/li>\r\n<li>Ties\u012bbas uz datu p\u0101rnesam\u012bbu<\/li>\r\n<\/ol>\r\n<p>Lai piepras\u012btu savu ties\u012bbu izpildi, l\u016bdzu, sazinieties ar mums pa e-pastu: info@cargopoint.com. L\u016bdzu, \u0146emiet v\u0113r\u0101, ka, lai izpild\u012btu J\u016bsu piepras\u012bt\u0101s ties\u012bbas, mums var b\u016bt nepiecie\u0161ams apstr\u0101d\u0101t papildu personas datus un piepras\u012bt J\u016bsu identifik\u0101ciju.<\/p>\r\n<p>Situ\u0101cij\u0101s, kad J\u016bs neapmierina m\u016bsu datu apstr\u0101des darb\u012bbas, Jums vienm\u0113r ir ties\u012bbas iesniegt s\u016bdz\u012bbu Latvijas Datu valsts inspekcij\u0101 (e-pasts: <a href=\"mailto:pasts@dvi.gov.lv\">pasts@dvi.gov.lv<\/a>; t\u012bmek\u013ca vietne: <a href=\"http:\/\/www.dvi.gov.lv\">www.dvi.gov.lv<\/a>) vai savas valsts datu aizsardz\u012bbas iest\u0101d\u0113 (savu datu aizsardz\u012bbas iest\u0101di varat atrast \u0161aj\u0101 vietn\u0113: <a href=\"https:\/\/edpb.europa.eu\/about-edpb\/about-edpb\/members_en\">https:\/\/edpb.europa.eu\/about-edpb\/about-edpb\/members_en<\/a>).<\/p>\r\n<p>&nbsp;<\/p>\r\n<h3><strong>10. Groz\u012bjumi Priv\u0101tuma politik\u0101<\/strong><\/h3>\r\n<p>M\u0113s paturam ties\u012bbas jebkur\u0101 laik\u0101 vienpus\u0113ji atjaunin\u0101t \u0161o Priv\u0101tuma politiku. Priv\u0101tuma politikas atjaunin\u0101t\u0101 versija b\u016bs pieejama m\u016bsu Platform\u0101. M\u0113s iesak\u0101m regul\u0101ri p\u0101rskat\u012bt \u0161o Priv\u0101tuma politiku, lai J\u016bs b\u016btu inform\u0113ti par vis\u0101m izmai\u0146\u0101m.<\/p>\r\n<p>&nbsp;<\/p>\r\n<h3><strong>11. P\u0101rzi\u0146a kontaktinform\u0101cija<\/strong><\/h3>\r\n<p>Ja Jums ir k\u0101di jaut\u0101jumi par personas datu apstr\u0101di vai \u0161o priv\u0101tuma politiku, l\u016bdzu, sazinieties ar mums, rakstot uz m\u016bsu e-pasta adresi: info@cargopoint.com vai izmantojot \u0161eit eso\u0161o kontaktinform\u0101ciju:<\/p>\r\n<p><strong>SIA \u201cCargopoint\u201d<br \/><\/strong>Re\u0123istr\u0101cijas numurs: 40203274608<br \/>Juridisk\u0101 adrese: Maskavas iela 240-3, R\u012bga, LV-1063, Latvija<\/p>\r\n<p><em>\u0160\u012b Priv\u0101tuma politika ir sp\u0113k\u0101 no 2021. gada 1. decembra<\/em><\/p>\r\n<p>&nbsp;<\/p>\r\n","protected":false},"excerpt":{"rendered":"<p>PRIV\u0100TUMA POLITIKA \u0160\u012b Priv\u0101tuma politika attiecas uz personas datu apstr\u0101di, ko veic CargoPoint (\u201cP\u0101rzinis\u201d, \u201cm\u0113s\u201d, \u201cmums\u201d, \u201cm\u016bsu\u201d), un taj\u0101 aprakst\u012bts, k\u0101 un k\u0101diem m\u0113r\u0137iem m\u0113s apstr\u0101d\u0101jam J\u016bsu k\u0101 Lietot\u0101ju p\u0101rst\u0101vju, Autovad\u012bt\u0101ju, Sa\u0146\u0113m\u0113ju, t\u012bmek\u013cvietnes apmekl\u0113t\u0101ju un citu personu personas datus CargoPoint t\u012bmek\u013cvietn\u0113 un CargoPoint lietotn\u0113s (\u201cPlatforma\u201d). \u0160aj\u0101 politik\u0101 ar\u012b aprakst\u012bts, k\u0101 persona var izmantot savas datu [&hellip;]<\/p>\n","protected":false},"author":5,"featured_media":0,"parent":0,"menu_order":0,"comment_status":"closed","ping_status":"open","template":"","meta":{"footnotes":""},"class_list":["post-910","page","type-page","status-publish","hentry"],"_links":{"self":[{"href":"https:\/\/www.cargopoint.com\/lv\/wp-json\/wp\/v2\/pages\/910","targetHints":{"allow":["GET"]}}],"collection":[{"href":"https:\/\/www.cargopoint.com\/lv\/wp-json\/wp\/v2\/pages"}],"about":[{"href":"https:\/\/www.cargopoint.com\/lv\/wp-json\/wp\/v2\/types\/page"}],"author":[{"embeddable":true,"href":"https:\/\/www.cargopoint.com\/lv\/wp-json\/wp\/v2\/users\/5"}],"replies":[{"embeddable":true,"href":"https:\/\/www.cargopoint.com\/lv\/wp-json\/wp\/v2\/comments?post=910"}],"version-history":[{"count":10,"href":"https:\/\/www.cargopoint.com\/lv\/wp-json\/wp\/v2\/pages\/910\/revisions"}],"predecessor-version":[{"id":1555,"href":"https:\/\/www.cargopoint.com\/lv\/wp-json\/wp\/v2\/pages\/910\/revisions\/1555"}],"wp:attachment":[{"href":"https:\/\/www.cargopoint.com\/lv\/wp-json\/wp\/v2\/media?parent=910"}],"curies":[{"name":"wp","href":"https:\/\/api.w.org\/{rel}","templated":true}]}}